{"id":20,"date":"2026-04-14T10:41:53","date_gmt":"2026-04-14T03:41:53","guid":{"rendered":"https:\/\/aichaintech.net\/?page_id=20"},"modified":"2026-04-14T10:41:56","modified_gmt":"2026-04-14T03:41:56","slug":"chinh-sach-bao-mat","status":"publish","type":"page","link":"https:\/\/aichaintech.net\/en\/chinh-sach-bao-mat\/","title":{"rendered":"Privacy Policy"},"content":{"rendered":"\n<h2 class=\"wp-block-heading\">Ch\u00ednh s\u00e1ch b\u1ea3o m\u1eadt<\/h2>\n\n\n\n<p><em>C\u1eadp nh\u1eadt l\u1ea7n cu\u1ed1i: ng\u00e0y 14 th\u00e1ng 04 n\u0103m<\/em> 2026<\/p>\n\n\n\n<p>T\u1ea1i AIChain Tech (aichaintech.net), ch\u00fang t\u00f4i t\u00f4n tr\u1ecdng quy\u1ec1n ri\u00eang t\u01b0 c\u1ee7a b\u1ea1n. Ch\u00ednh s\u00e1ch b\u1ea3o m\u1eadt n\u00e0y gi\u1ea3i th\u00edch c\u00e1ch ch\u00fang t\u00f4i thu th\u1eadp, s\u1eed d\u1ee5ng v\u00e0 b\u1ea3o v\u1ec7 th\u00f4ng tin khi b\u1ea1n truy c\u1eadp trang web.<\/p>\n\n\n\n<h3 class=\"wp-block-heading\">1. Th\u00f4ng tin ch\u00fang t\u00f4i thu th\u1eadp<\/h3>\n\n\n\n<p><strong>Th\u00f4ng tin t\u1ef1 \u0111\u1ed9ng:<\/strong>&nbsp;Khi b\u1ea1n truy c\u1eadp trang web, ch\u00fang t\u00f4i t\u1ef1 \u0111\u1ed9ng thu th\u1eadp m\u1ed9t s\u1ed1 th\u00f4ng tin k\u1ef9 thu\u1eadt bao g\u1ed3m \u0111\u1ecba ch\u1ec9 IP, lo\u1ea1i tr\u00ecnh duy\u1ec7t, thi\u1ebft b\u1ecb s\u1eed d\u1ee5ng, th\u1eddi gian truy c\u1eadp v\u00e0 c\u00e1c trang b\u1ea1n xem. Th\u00f4ng tin n\u00e0y \u0111\u01b0\u1ee3c thu th\u1eadp th\u00f4ng qua cookies v\u00e0 c\u00e1c c\u00f4ng ngh\u1ec7 t\u01b0\u01a1ng t\u1ef1.<\/p>\n\n\n\n<p><strong>Th\u00f4ng tin b\u1ea1n cung c\u1ea5p:<\/strong>&nbsp;N\u1ebfu b\u1ea1n \u0111\u0103ng k\u00fd nh\u1eadn b\u1ea3n tin, \u0111\u1ec3 l\u1ea1i b\u00ecnh lu\u1eadn, ho\u1eb7c li\u00ean h\u1ec7 v\u1edbi ch\u00fang t\u00f4i qua email, ch\u00fang t\u00f4i s\u1ebd thu th\u1eadp th\u00f4ng tin b\u1ea1n cung c\u1ea5p nh\u01b0 t\u00ean v\u00e0 \u0111\u1ecba ch\u1ec9 email.<\/p>\n\n\n\n<h3 class=\"wp-block-heading\">2. C\u00e1ch ch\u00fang t\u00f4i s\u1eed d\u1ee5ng th\u00f4ng tin<\/h3>\n\n\n\n<p>Th\u00f4ng tin thu th\u1eadp \u0111\u01b0\u1ee3c s\u1eed d\u1ee5ng \u0111\u1ec3:<\/p>\n\n\n\n<ul class=\"wp-block-list\">\n<li>C\u1ea3i thi\u1ec7n n\u1ed9i dung v\u00e0 tr\u1ea3i nghi\u1ec7m ng\u01b0\u1eddi d\u00f9ng tr\u00ean trang web<\/li>\n\n\n\n<li>Ph\u00e2n t\u00edch l\u01b0u l\u01b0\u1ee3ng truy c\u1eadp v\u00e0 h\u00e0nh vi ng\u01b0\u1eddi d\u00f9ng th\u00f4ng qua Google Analytics<\/li>\n\n\n\n<li>Hi\u1ec3n th\u1ecb qu\u1ea3ng c\u00e1o ph\u00f9 h\u1ee3p th\u00f4ng qua Google AdSense v\u00e0 c\u00e1c \u0111\u1ed1i t\u00e1c qu\u1ea3ng c\u00e1o<\/li>\n\n\n\n<li>G\u1eedi b\u1ea3n tin n\u1ebfu b\u1ea1n \u0111\u00e3 \u0111\u0103ng k\u00fd (b\u1ea1n c\u00f3 th\u1ec3 h\u1ee7y \u0111\u0103ng k\u00fd b\u1ea5t k\u1ef3 l\u00fac n\u00e0o)<\/li>\n<\/ul>\n\n\n\n<h3 class=\"wp-block-heading\">3. Cookies<\/h3>\n\n\n\n<p>Trang web s\u1eed d\u1ee5ng cookies \u0111\u1ec3 c\u1ea3i thi\u1ec7n tr\u1ea3i nghi\u1ec7m c\u1ee7a b\u1ea1n. Cookies l\u00e0 c\u00e1c t\u1ec7p nh\u1ecf \u0111\u01b0\u1ee3c l\u01b0u tr\u00ean thi\u1ebft b\u1ecb c\u1ee7a b\u1ea1n. Ch\u00fang t\u00f4i s\u1eed d\u1ee5ng cookies cho:<\/p>\n\n\n\n<ul class=\"wp-block-list\">\n<li>Ph\u00e2n t\u00edch l\u01b0u l\u01b0\u1ee3ng truy c\u1eadp (Google Analytics)<\/li>\n\n\n\n<li>Hi\u1ec3n th\u1ecb qu\u1ea3ng c\u00e1o \u0111\u01b0\u1ee3c c\u00e1 nh\u00e2n h\u00f3a (Google AdSense)<\/li>\n\n\n\n<li>Ghi nh\u1edb t\u00f9y ch\u1ecdn c\u1ee7a b\u1ea1n tr\u00ean trang web<\/li>\n<\/ul>\n\n\n\n<p>B\u1ea1n c\u00f3 th\u1ec3 t\u1eaft cookies trong c\u00e0i \u0111\u1eb7t tr\u00ecnh duy\u1ec7t, tuy nhi\u00ean \u0111i\u1ec1u n\u00e0y c\u00f3 th\u1ec3 \u1ea3nh h\u01b0\u1edfng \u0111\u1ebfn tr\u1ea3i nghi\u1ec7m s\u1eed d\u1ee5ng trang web.<\/p>\n\n\n\n<h3 class=\"wp-block-heading\">4. Google AdSense v\u00e0 qu\u1ea3ng c\u00e1o<\/h3>\n\n\n\n<p>Ch\u00fang t\u00f4i s\u1eed d\u1ee5ng Google AdSense \u0111\u1ec3 hi\u1ec3n th\u1ecb qu\u1ea3ng c\u00e1o. Google v\u00e0 c\u00e1c \u0111\u1ed1i t\u00e1c qu\u1ea3ng c\u00e1o c\u00f3 th\u1ec3 s\u1eed d\u1ee5ng cookies \u0111\u1ec3 hi\u1ec3n th\u1ecb qu\u1ea3ng c\u00e1o d\u1ef1a tr\u00ean l\u1ecbch s\u1eed truy c\u1eadp c\u1ee7a b\u1ea1n. B\u1ea1n c\u00f3 th\u1ec3 t\u00ecm hi\u1ec3u th\u00eam v\u00e0 t\u00f9y ch\u1ec9nh c\u00e0i \u0111\u1eb7t qu\u1ea3ng c\u00e1o t\u1ea1i&nbsp;<a href=\"https:\/\/www.google.com\/settings\/ads\" target=\"_blank\" rel=\"noopener\">Google Ads Settings<\/a>.<\/p>\n\n\n\n<h3 class=\"wp-block-heading\">5. Li\u00ean k\u1ebft \u0111\u1ebfn b\u00ean th\u1ee9 ba<\/h3>\n\n\n\n<p>Trang web c\u00f3 th\u1ec3 ch\u1ee9a li\u00ean k\u1ebft \u0111\u1ebfn c\u00e1c trang web kh\u00e1c. Ch\u00fang t\u00f4i kh\u00f4ng ch\u1ecbu tr\u00e1ch nhi\u1ec7m v\u1ec1 ch\u00ednh s\u00e1ch b\u1ea3o m\u1eadt ho\u1eb7c n\u1ed9i dung c\u1ee7a c\u00e1c trang web b\u00ean th\u1ee9 ba.<\/p>\n\n\n\n<h3 class=\"wp-block-heading\">6. B\u1ea3o m\u1eadt th\u00f4ng tin<\/h3>\n\n\n\n<p>Ch\u00fang t\u00f4i \u00e1p d\u1ee5ng c\u00e1c bi\u1ec7n ph\u00e1p b\u1ea3o m\u1eadt h\u1ee3p l\u00fd \u0111\u1ec3 b\u1ea3o v\u1ec7 th\u00f4ng tin c\u00e1 nh\u00e2n c\u1ee7a b\u1ea1n. Tuy nhi\u00ean, kh\u00f4ng c\u00f3 ph\u01b0\u01a1ng th\u1ee9c truy\u1ec1n t\u1ea3i n\u00e0o qua Internet l\u00e0 an to\u00e0n tuy\u1ec7t \u0111\u1ed1i.<\/p>\n\n\n\n<h3 class=\"wp-block-heading\">7. Quy\u1ec1n c\u1ee7a b\u1ea1n<\/h3>\n\n\n\n<p>B\u1ea1n c\u00f3 quy\u1ec1n y\u00eau c\u1ea7u truy c\u1eadp, ch\u1ec9nh s\u1eeda ho\u1eb7c x\u00f3a th\u00f4ng tin c\u00e1 nh\u00e2n m\u00e0 ch\u00fang t\u00f4i l\u01b0u tr\u1eef. \u0110\u1ec3 th\u1ef1c hi\u1ec7n c\u00e1c quy\u1ec1n n\u00e0y, vui l\u00f2ng li\u00ean h\u1ec7 qua email:&nbsp;<strong>[email th\u1eadt c\u1ee7a b\u1ea1n]<\/strong>.<\/p>\n\n\n\n<h3 class=\"wp-block-heading\">8. Thay \u0111\u1ed5i ch\u00ednh s\u00e1ch<\/h3>\n\n\n\n<p>Ch\u00fang t\u00f4i c\u00f3 th\u1ec3 c\u1eadp nh\u1eadt ch\u00ednh s\u00e1ch b\u1ea3o m\u1eadt n\u00e0y theo th\u1eddi gian. M\u1ecdi thay \u0111\u1ed5i s\u1ebd \u0111\u01b0\u1ee3c \u0111\u0103ng tr\u00ean trang n\u00e0y v\u1edbi ng\u00e0y c\u1eadp nh\u1eadt m\u1edbi.<\/p>\n\n\n\n<h3 class=\"wp-block-heading\">Li\u00ean h\u1ec7<\/h3>\n\n\n\n<p>N\u1ebfu b\u1ea1n c\u00f3 c\u00e2u h\u1ecfi v\u1ec1 ch\u00ednh s\u00e1ch b\u1ea3o m\u1eadt, vui l\u00f2ng li\u00ean h\u1ec7:\u00a0<strong>contact@aichaintech.net<\/strong><\/p>\n\n\n\n<p><\/p>\n","protected":false},"excerpt":{"rendered":"<p>Ch\u00ednh s\u00e1ch b\u1ea3o m\u1eadt C\u1eadp nh\u1eadt l\u1ea7n cu\u1ed1i: ng\u00e0y 14 th\u00e1ng 04 n\u0103m 2026 T\u1ea1i AIChain Tech (aichaintech.net), ch\u00fang t\u00f4i t\u00f4n tr\u1ecdng quy\u1ec1n ri\u00eang t\u01b0 c\u1ee7a b\u1ea1n. Ch\u00ednh s\u00e1ch b\u1ea3o m\u1eadt n\u00e0y gi\u1ea3i th\u00edch c\u00e1ch ch\u00fang t\u00f4i thu th\u1eadp, s\u1eed d\u1ee5ng v\u00e0 b\u1ea3o v\u1ec7 th\u00f4ng tin khi b\u1ea1n truy c\u1eadp trang web. 1. Th\u00f4ng tin &#8230; <a title=\"Privacy Policy\" class=\"read-more\" href=\"https:\/\/aichaintech.net\/en\/chinh-sach-bao-mat\/\" aria-label=\"Read more about Ch\u00ednh s\u00e1ch b\u1ea3o m\u1eadt\">Read more<\/a><\/p>","protected":false},"author":1,"featured_media":0,"parent":0,"menu_order":0,"comment_status":"closed","ping_status":"closed","template":"","meta":{"_acf_changed":false,"footnotes":""},"class_list":["post-20","page","type-page","status-publish"],"acf":[],"_links":{"self":[{"href":"https:\/\/aichaintech.net\/en\/wp-json\/wp\/v2\/pages\/20","targetHints":{"allow":["GET"]}}],"collection":[{"href":"https:\/\/aichaintech.net\/en\/wp-json\/wp\/v2\/pages"}],"about":[{"href":"https:\/\/aichaintech.net\/en\/wp-json\/wp\/v2\/types\/page"}],"author":[{"embeddable":true,"href":"https:\/\/aichaintech.net\/en\/wp-json\/wp\/v2\/users\/1"}],"replies":[{"embeddable":true,"href":"https:\/\/aichaintech.net\/en\/wp-json\/wp\/v2\/comments?post=20"}],"version-history":[{"count":2,"href":"https:\/\/aichaintech.net\/en\/wp-json\/wp\/v2\/pages\/20\/revisions"}],"predecessor-version":[{"id":27,"href":"https:\/\/aichaintech.net\/en\/wp-json\/wp\/v2\/pages\/20\/revisions\/27"}],"wp:attachment":[{"href":"https:\/\/aichaintech.net\/en\/wp-json\/wp\/v2\/media?parent=20"}],"curies":[{"name":"wp","href":"https:\/\/api.w.org\/{rel}","templated":true}]}}