{"id":22,"date":"2026-04-14T10:43:04","date_gmt":"2026-04-14T03:43:04","guid":{"rendered":"https:\/\/aichaintech.net\/?page_id=22"},"modified":"2026-04-14T10:43:05","modified_gmt":"2026-04-14T03:43:05","slug":"dieu-khoan","status":"publish","type":"page","link":"https:\/\/aichaintech.net\/en\/dieu-khoan\/","title":{"rendered":"Terms of Service &amp; Disclaimer"},"content":{"rendered":"<h2 class=\"wp-block-heading\">Terms of Service &amp; Disclaimer<\/h2>\n\n\n\n<p><em>C\u1eadp nh\u1eadt l\u1ea7n cu\u1ed1i: ng\u00e0y 14 th\u00e1ng 04 n\u0103m<\/em> 2026<\/p>\n\n\n\n<p>B\u1eb1ng vi\u1ec7c truy c\u1eadp v\u00e0 s\u1eed d\u1ee5ng trang web AIChain Tech (aichaintech.net), b\u1ea1n \u0111\u1ed3ng \u00fd tu\u00e2n th\u1ee7 c\u00e1c \u0111i\u1ec1u kho\u1ea3n d\u01b0\u1edbi \u0111\u00e2y.<\/p>\n\n\n\n<h3 class=\"wp-block-heading\">1. \u0110i\u1ec1u kho\u1ea3n s\u1eed d\u1ee5ng<\/h3>\n\n\n\n<p>N\u1ed9i dung tr\u00ean AIChain Tech \u0111\u01b0\u1ee3c cung c\u1ea5p v\u1edbi m\u1ee5c \u0111\u00edch th\u00f4ng tin v\u00e0 gi\u00e1o d\u1ee5c. B\u1ea1n c\u00f3 th\u1ec3 \u0111\u1ecdc, chia s\u1ebb li\u00ean k\u1ebft \u0111\u1ebfn c\u00e1c b\u00e0i vi\u1ebft, nh\u01b0ng kh\u00f4ng \u0111\u01b0\u1ee3c sao ch\u00e9p nguy\u00ean v\u0103n n\u1ed9i dung m\u00e0 kh\u00f4ng c\u00f3 s\u1ef1 \u0111\u1ed3ng \u00fd b\u1eb1ng v\u0103n b\u1ea3n t\u1eeb ch\u00fang t\u00f4i.<\/p>\n\n\n\n<p>Ch\u00fang t\u00f4i c\u00f3 quy\u1ec1n ch\u1ec9nh s\u1eeda, c\u1eadp nh\u1eadt ho\u1eb7c x\u00f3a b\u1ea5t k\u1ef3 n\u1ed9i dung n\u00e0o tr\u00ean trang web m\u00e0 kh\u00f4ng c\u1ea7n th\u00f4ng b\u00e1o tr\u01b0\u1edbc.<\/p>\n\n\n\n<h3 class=\"wp-block-heading\">2. Mi\u1ec5n tr\u1eeb tr\u00e1ch nhi\u1ec7m v\u1ec1 n\u1ed9i dung<\/h3>\n\n\n\n<p>Th\u00f4ng tin tr\u00ean AIChain Tech ch\u1ec9 mang t\u00ednh ch\u1ea5t tham kh\u1ea3o. Ch\u00fang t\u00f4i n\u1ed7 l\u1ef1c \u0111\u1ea3m b\u1ea3o t\u00ednh ch\u00ednh x\u00e1c c\u1ee7a n\u1ed9i dung, tuy nhi\u00ean kh\u00f4ng \u0111\u1ea3m b\u1ea3o r\u1eb1ng m\u1ecdi th\u00f4ng tin \u0111\u1ec1u ho\u00e0n to\u00e0n ch\u00ednh x\u00e1c, \u0111\u1ea7y \u0111\u1ee7 ho\u1eb7c c\u1eadp nh\u1eadt t\u1ea1i m\u1ecdi th\u1eddi \u0111i\u1ec3m.<\/p>\n\n\n\n<p><strong>V\u1ec1 n\u1ed9i dung t\u00e0i ch\u00ednh v\u00e0 \u0111\u1ea7u t\u01b0:<\/strong>&nbsp;C\u00e1c b\u00e0i vi\u1ebft v\u1ec1 blockchain, cryptocurrency v\u00e0 \u0111\u1ea7u t\u01b0 tr\u00ean trang web kh\u00f4ng ph\u1ea3i l\u00e0 l\u1eddi khuy\u00ean t\u00e0i ch\u00ednh. B\u1ea1n n\u00ean t\u1ef1 nghi\u00ean c\u1ee9u v\u00e0 tham kh\u1ea3o \u00fd ki\u1ebfn chuy\u00ean gia tr\u01b0\u1edbc khi \u0111\u01b0a ra quy\u1ebft \u0111\u1ecbnh \u0111\u1ea7u t\u01b0. Ch\u00fang t\u00f4i kh\u00f4ng ch\u1ecbu tr\u00e1ch nhi\u1ec7m cho b\u1ea5t k\u1ef3 t\u1ed5n th\u1ea5t t\u00e0i ch\u00ednh n\u00e0o ph\u00e1t sinh t\u1eeb vi\u1ec7c s\u1eed d\u1ee5ng th\u00f4ng tin tr\u00ean trang web.<\/p>\n\n\n\n<p><strong>V\u1ec1 n\u1ed9i dung c\u00f4ng ngh\u1ec7:<\/strong>&nbsp;C\u00e1c h\u01b0\u1edbng d\u1eabn k\u1ef9 thu\u1eadt \u0111\u01b0\u1ee3c cung c\u1ea5p &#8220;nguy\u00ean tr\u1ea1ng&#8221; (as-is). B\u1ea1n t\u1ef1 ch\u1ecbu tr\u00e1ch nhi\u1ec7m khi \u00e1p d\u1ee5ng c\u00e1c h\u01b0\u1edbng d\u1eabn v\u00e0o h\u1ec7 th\u1ed1ng c\u1ee7a m\u00ecnh.<\/p>\n\n\n\n<h3 class=\"wp-block-heading\">3. Ti\u1ebft l\u1ed9 v\u1ec1 li\u00ean k\u1ebft Affiliate<\/h3>\n\n\n\n<p>M\u1ed9t s\u1ed1 b\u00e0i vi\u1ebft tr\u00ean AIChain Tech c\u00f3 ch\u1ee9a li\u00ean k\u1ebft affiliate (li\u00ean k\u1ebft ti\u1ebfp th\u1ecb li\u00ean k\u1ebft). \u0110i\u1ec1u n\u00e0y c\u00f3 ngh\u0129a l\u00e0 n\u1ebfu b\u1ea1n click v\u00e0o li\u00ean k\u1ebft v\u00e0 th\u1ef1c hi\u1ec7n mua h\u00e0ng, ch\u00fang t\u00f4i c\u00f3 th\u1ec3 nh\u1eadn \u0111\u01b0\u1ee3c m\u1ed9t kho\u1ea3n hoa h\u1ed3ng nh\u1ecf m\u00e0 kh\u00f4ng \u1ea3nh h\u01b0\u1edfng \u0111\u1ebfn gi\u00e1 b\u1ea1n ph\u1ea3i tr\u1ea3.<\/p>\n\n\n\n<p>Vi\u1ec7c s\u1eed d\u1ee5ng li\u00ean k\u1ebft affiliate gi\u00fap ch\u00fang t\u00f4i duy tr\u00ec ho\u1ea1t \u0111\u1ed9ng c\u1ee7a trang web v\u00e0 ti\u1ebfp t\u1ee5c cung c\u1ea5p n\u1ed9i dung mi\u1ec5n ph\u00ed cho b\u1ea1n \u0111\u1ecdc. Ch\u00fang t\u00f4i cam k\u1ebft:<\/p>\n\n\n\n<ul class=\"wp-block-list\">\n<li>Ch\u1ec9 gi\u1edbi thi\u1ec7u s\u1ea3n ph\u1ea9m v\u00e0 d\u1ecbch v\u1ee5 m\u00e0 ch\u00fang t\u00f4i tin l\u00e0 c\u00f3 gi\u00e1 tr\u1ecb th\u1ef1c s\u1ef1<\/li>\n\n\n\n<li>\u0110\u00e1nh gi\u00e1 s\u1ea3n ph\u1ea9m m\u1ed9t c\u00e1ch trung th\u1ef1c, kh\u00f4ng thi\u00ean v\u1ecb b\u1edfi m\u1ed1i quan h\u1ec7 affiliate<\/li>\n\n\n\n<li>Ghi r\u00f5 khi b\u00e0i vi\u1ebft c\u00f3 ch\u1ee9a li\u00ean k\u1ebft affiliate<\/li>\n<\/ul>\n\n\n\n<h3 class=\"wp-block-heading\">4. N\u1ed9i dung do AI h\u1ed7 tr\u1ee3<\/h3>\n\n\n\n<p>M\u1ed9t s\u1ed1 b\u00e0i vi\u1ebft tr\u00ean AIChain Tech \u0111\u01b0\u1ee3c t\u1ea1o v\u1edbi s\u1ef1 h\u1ed7 tr\u1ee3 c\u1ee7a c\u00f4ng c\u1ee5 AI v\u00e0 sau \u0111\u00f3 \u0111\u01b0\u1ee3c bi\u00ean t\u1eadp, ki\u1ec3m tra th\u00f4ng tin b\u1edfi \u0111\u1ed9i ng\u0169 bi\u00ean t\u1eadp. Ch\u00fang t\u00f4i cam k\u1ebft \u0111\u1ea3m b\u1ea3o ch\u1ea5t l\u01b0\u1ee3ng v\u00e0 t\u00ednh ch\u00ednh x\u00e1c c\u1ee7a m\u1ecdi n\u1ed9i dung tr\u01b0\u1edbc khi xu\u1ea5t b\u1ea3n.<\/p>\n\n\n\n<h3 class=\"wp-block-heading\">5. B\u1ea3n quy\u1ec1n<\/h3>\n\n\n\n<p>To\u00e0n b\u1ed9 n\u1ed9i dung g\u1ed1c tr\u00ean AIChain Tech (bao g\u1ed3m v\u0103n b\u1ea3n, h\u00ecnh \u1ea3nh t\u1ef1 t\u1ea1o, thi\u1ebft k\u1ebf) thu\u1ed9c b\u1ea3n quy\u1ec1n c\u1ee7a AIChain Tech, tr\u1eeb khi c\u00f3 ghi ch\u00fa kh\u00e1c. H\u00ecnh \u1ea3nh t\u1eeb b\u00ean th\u1ee9 ba \u0111\u01b0\u1ee3c s\u1eed d\u1ee5ng theo gi\u1ea5y ph\u00e9p t\u01b0\u01a1ng \u1ee9ng v\u00e0 c\u00f3 ghi ngu\u1ed3n.<\/p>\n\n\n\n<h3 class=\"wp-block-heading\">6. Thay \u0111\u1ed5i \u0111i\u1ec1u kho\u1ea3n<\/h3>\n\n\n\n<p>Ch\u00fang t\u00f4i c\u00f3 quy\u1ec1n c\u1eadp nh\u1eadt c\u00e1c \u0111i\u1ec1u kho\u1ea3n n\u00e0y b\u1ea5t k\u1ef3 l\u00fac n\u00e0o. Vi\u1ec7c b\u1ea1n ti\u1ebfp t\u1ee5c s\u1eed d\u1ee5ng trang web sau khi thay \u0111\u1ed5i \u0111\u1ed3ng ngh\u0129a v\u1edbi vi\u1ec7c b\u1ea1n ch\u1ea5p nh\u1eadn c\u00e1c \u0111i\u1ec1u kho\u1ea3n m\u1edbi.<\/p>\n\n\n\n<h3 class=\"wp-block-heading\">Li\u00ean h\u1ec7<\/h3>\n\n\n\n<p>N\u1ebfu b\u1ea1n c\u00f3 c\u00e2u h\u1ecfi v\u1ec1 \u0111i\u1ec1u kho\u1ea3n s\u1eed d\u1ee5ng, vui l\u00f2ng li\u00ean h\u1ec7:\u00a0<strong>contact@aichaintech.net<\/strong><\/p>\n\n\n\n<p><\/p>","protected":false},"excerpt":{"rendered":"<p>\u0110i\u1ec1u kho\u1ea3n s\u1eed d\u1ee5ng &amp; Mi\u1ec5n tr\u1eeb tr\u00e1ch nhi\u1ec7m C\u1eadp nh\u1eadt l\u1ea7n cu\u1ed1i: ng\u00e0y 14 th\u00e1ng 04 n\u0103m 2026 B\u1eb1ng vi\u1ec7c truy c\u1eadp v\u00e0 s\u1eed d\u1ee5ng trang web AIChain Tech (aichaintech.net), b\u1ea1n \u0111\u1ed3ng \u00fd tu\u00e2n th\u1ee7 c\u00e1c \u0111i\u1ec1u kho\u1ea3n d\u01b0\u1edbi \u0111\u00e2y. 1. \u0110i\u1ec1u kho\u1ea3n s\u1eed d\u1ee5ng N\u1ed9i dung tr\u00ean AIChain Tech \u0111\u01b0\u1ee3c cung c\u1ea5p v\u1edbi &#8230; <a title=\"\u0110i\u1ec1u kho\u1ea3n s\u1eed d\u1ee5ng &amp; Mi\u1ec5n tr\u1eeb tr\u00e1ch nhi\u1ec7m\" class=\"read-more\" href=\"https:\/\/aichaintech.net\/en\/dieu-khoan\/\" aria-label=\"Read more about \u0110i\u1ec1u kho\u1ea3n s\u1eed d\u1ee5ng &amp; Mi\u1ec5n tr\u1eeb tr\u00e1ch nhi\u1ec7m\">Read more<\/a><\/p>","protected":false},"author":1,"featured_media":0,"parent":0,"menu_order":0,"comment_status":"closed","ping_status":"closed","template":"","meta":{"_acf_changed":false,"footnotes":""},"class_list":["post-22","page","type-page","status-publish"],"acf":[],"_links":{"self":[{"href":"https:\/\/aichaintech.net\/en\/wp-json\/wp\/v2\/pages\/22","targetHints":{"allow":["GET"]}}],"collection":[{"href":"https:\/\/aichaintech.net\/en\/wp-json\/wp\/v2\/pages"}],"about":[{"href":"https:\/\/aichaintech.net\/en\/wp-json\/wp\/v2\/types\/page"}],"author":[{"embeddable":true,"href":"https:\/\/aichaintech.net\/en\/wp-json\/wp\/v2\/users\/1"}],"replies":[{"embeddable":true,"href":"https:\/\/aichaintech.net\/en\/wp-json\/wp\/v2\/comments?post=22"}],"version-history":[{"count":2,"href":"https:\/\/aichaintech.net\/en\/wp-json\/wp\/v2\/pages\/22\/revisions"}],"predecessor-version":[{"id":28,"href":"https:\/\/aichaintech.net\/en\/wp-json\/wp\/v2\/pages\/22\/revisions\/28"}],"wp:attachment":[{"href":"https:\/\/aichaintech.net\/en\/wp-json\/wp\/v2\/media?parent=22"}],"curies":[{"name":"wp","href":"https:\/\/api.w.org\/{rel}","templated":true}]}}