{"id":24,"date":"2026-04-14T10:40:22","date_gmt":"2026-04-14T03:40:22","guid":{"rendered":"https:\/\/aichaintech.net\/?page_id=24"},"modified":"2026-04-14T10:40:23","modified_gmt":"2026-04-14T03:40:23","slug":"lien-he-hop-tac","status":"publish","type":"page","link":"https:\/\/aichaintech.net\/en\/lien-he-hop-tac\/","title":{"rendered":"Contact &amp; Partnership"},"content":{"rendered":"\n<h2 class=\"wp-block-heading\">Li\u00ean h\u1ec7 &amp; H\u1ee3p t\u00e1c<\/h2>\n\n\n\n<p>C\u1ea3m \u01a1n b\u1ea1n \u0111\u00e3 quan t\u00e2m \u0111\u1ebfn AIChain Tech! Ch\u00fang t\u00f4i lu\u00f4n s\u1eb5n l\u00f2ng l\u1eafng nghe \u00fd ki\u1ebfn t\u1eeb b\u1ea1n \u0111\u1ecdc v\u00e0 \u0111\u00f3n nh\u1eadn c\u01a1 h\u1ed9i h\u1ee3p t\u00e1c.<\/p>\n\n\n\n<h3 class=\"wp-block-heading\">Th\u00f4ng tin li\u00ean h\u1ec7<\/h3>\n\n\n\n<ul class=\"wp-block-list\">\n<li><strong>Email:<\/strong>\u00a0contact@aichaintech.net<\/li>\n\n\n\n<li><strong>Website:<\/strong>\u00a0aichaintech.net<\/li>\n\n\n\n<li><strong>Facebook:<\/strong>\u00a0[link Facebook page n\u1ebfu c\u00f3]<\/li>\n<\/ul>\n\n\n\n<h3 class=\"wp-block-heading\">H\u1ee3p t\u00e1c v\u1edbi ch\u00fang t\u00f4i<\/h3>\n\n\n\n<p>AIChain Tech m\u1edf c\u00e1c h\u00ecnh th\u1ee9c h\u1ee3p t\u00e1c sau:<\/p>\n\n\n\n<p><strong>B\u00e0i vi\u1ebft t\u00e0i tr\u1ee3 (Sponsored Content):<\/strong>&nbsp;N\u1ebfu b\u1ea1n c\u00f3 s\u1ea3n ph\u1ea9m, d\u1ecbch v\u1ee5 ho\u1eb7c d\u1ef1 \u00e1n li\u00ean quan \u0111\u1ebfn AI, blockchain, ho\u1eb7c c\u00f4ng ngh\u1ec7 v\u00e0 mu\u1ed1n gi\u1edbi thi\u1ec7u \u0111\u1ebfn c\u1ed9ng \u0111\u1ed3ng c\u00f4ng ngh\u1ec7 Vi\u1ec7t Nam, ch\u00fang t\u00f4i c\u00f3 th\u1ec3 h\u1ed7 tr\u1ee3 s\u1ea3n xu\u1ea5t b\u00e0i vi\u1ebft ch\u1ea5t l\u01b0\u1ee3ng cao. M\u1ecdi b\u00e0i vi\u1ebft t\u00e0i tr\u1ee3 s\u1ebd \u0111\u01b0\u1ee3c ghi r\u00f5 theo quy \u0111\u1ecbnh.<\/p>\n\n\n\n<p><strong>Review s\u1ea3n ph\u1ea9m \/ C\u00f4ng c\u1ee5:<\/strong>&nbsp;Ch\u00fang t\u00f4i nh\u1eadn review c\u00e1c c\u00f4ng c\u1ee5 AI, ph\u1ea7n m\u1ec1m, \u1ee9ng d\u1ee5ng v\u00e0 thi\u1ebft b\u1ecb c\u00f4ng ngh\u1ec7. M\u1ecdi review \u0111\u1ec1u trung th\u1ef1c v\u00e0 d\u1ef1a tr\u00ean tr\u1ea3i nghi\u1ec7m th\u1ef1c t\u1ebf.<\/p>\n\n\n\n<p><strong>Qu\u1ea3ng c\u00e1o:<\/strong>&nbsp;Ch\u00fang t\u00f4i cung c\u1ea5p v\u1ecb tr\u00ed qu\u1ea3ng c\u00e1o banner tr\u00ean trang web cho c\u00e1c \u0111\u1ed1i t\u00e1c ph\u00f9 h\u1ee3p v\u1edbi l\u0129nh v\u1ef1c c\u00f4ng ngh\u1ec7.<\/p>\n\n\n\n<p><strong>C\u1ed9ng t\u00e1c vi\u00ean:<\/strong>&nbsp;N\u1ebfu b\u1ea1n \u0111am m\u00ea vi\u1ebft v\u1ec1 AI v\u00e0 c\u00f4ng ngh\u1ec7, ch\u00fang t\u00f4i lu\u00f4n ch\u00e0o \u0111\u00f3n nh\u1eefng c\u1ed9ng t\u00e1c vi\u00ean m\u1edbi. Li\u00ean h\u1ec7 qua email \u0111\u1ec3 trao \u0111\u1ed5i chi ti\u1ebft.<\/p>\n\n\n\n<h3 class=\"wp-block-heading\">\u0110\u1ed1i t\u01b0\u1ee3ng \u0111\u1ed9c gi\u1ea3<\/h3>\n\n\n\n<p>\u0110\u1ec3 gi\u00fap b\u1ea1n \u0111\u00e1nh gi\u00e1 c\u01a1 h\u1ed9i h\u1ee3p t\u00e1c, d\u01b0\u1edbi \u0111\u00e2y l\u00e0 th\u00f4ng tin v\u1ec1 \u0111\u1ed1i t\u01b0\u1ee3ng \u0111\u1ed9c gi\u1ea3 c\u1ee7a AIChain Tech:<\/p>\n\n\n\n<ul class=\"wp-block-list\">\n<li><strong>\u0110\u1ed9 tu\u1ed5i ch\u00ednh:<\/strong>\u00a022-40 tu\u1ed5i<\/li>\n\n\n\n<li><strong>L\u0129nh v\u1ef1c:<\/strong>\u00a0C\u00f4ng ngh\u1ec7, l\u1eadp tr\u00ecnh, \u0111\u1ea7u t\u01b0, kinh doanh online<\/li>\n\n\n\n<li><strong>Khu v\u1ef1c:<\/strong>\u00a0Vi\u1ec7t Nam (ch\u1ee7 y\u1ebfu TP.HCM v\u00e0 H\u00e0 N\u1ed9i)<\/li>\n\n\n\n<li><strong>Quan t\u00e2m:<\/strong>\u00a0AI, blockchain, automation, ki\u1ebfm ti\u1ec1n online, c\u00f4ng ngh\u1ec7 m\u1edbi<\/li>\n<\/ul>\n\n\n\n<h3 class=\"wp-block-heading\">Th\u1eddi gian ph\u1ea3n h\u1ed3i<\/h3>\n\n\n\n<p>Ch\u00fang t\u00f4i c\u1ed1 g\u1eafng ph\u1ea3n h\u1ed3i m\u1ecdi email trong v\u00f2ng 24-48 gi\u1edd l\u00e0m vi\u1ec7c. \u0110\u1ed1i v\u1edbi c\u00e1c \u0111\u1ec1 xu\u1ea5t h\u1ee3p t\u00e1c, vui l\u00f2ng g\u1eedi email k\u00e8m th\u00f4ng tin chi ti\u1ebft v\u1ec1 s\u1ea3n ph\u1ea9m\/d\u1ecbch v\u1ee5 v\u00e0 h\u00ecnh th\u1ee9c h\u1ee3p t\u00e1c mong mu\u1ed1n.<\/p>\n\n\n\n<p><em>AIChain Tech \u2014 C\u1eadp nh\u1eadt c\u00f4ng ngh\u1ec7, n\u1eafm b\u1eaft t\u01b0\u01a1ng lai.<\/em><\/p>\n","protected":false},"excerpt":{"rendered":"<p>Li\u00ean h\u1ec7 &amp; H\u1ee3p t\u00e1c C\u1ea3m \u01a1n b\u1ea1n \u0111\u00e3 quan t\u00e2m \u0111\u1ebfn AIChain Tech! Ch\u00fang t\u00f4i lu\u00f4n s\u1eb5n l\u00f2ng l\u1eafng nghe \u00fd ki\u1ebfn t\u1eeb b\u1ea1n \u0111\u1ecdc v\u00e0 \u0111\u00f3n nh\u1eadn c\u01a1 h\u1ed9i h\u1ee3p t\u00e1c. Th\u00f4ng tin li\u00ean h\u1ec7 H\u1ee3p t\u00e1c v\u1edbi ch\u00fang t\u00f4i AIChain Tech m\u1edf c\u00e1c h\u00ecnh th\u1ee9c h\u1ee3p t\u00e1c sau: B\u00e0i vi\u1ebft t\u00e0i tr\u1ee3 &#8230; <a title=\"Li\u00ean h\u1ec7 &amp; H\u1ee3p t\u00e1c\" class=\"read-more\" href=\"https:\/\/aichaintech.net\/en\/lien-he-hop-tac\/\" aria-label=\"Read more about Li\u00ean h\u1ec7 &amp; H\u1ee3p t\u00e1c\">Read more<\/a><\/p>","protected":false},"author":1,"featured_media":0,"parent":0,"menu_order":0,"comment_status":"closed","ping_status":"closed","template":"","meta":{"_acf_changed":false,"footnotes":""},"class_list":["post-24","page","type-page","status-publish"],"acf":[],"_links":{"self":[{"href":"https:\/\/aichaintech.net\/en\/wp-json\/wp\/v2\/pages\/24","targetHints":{"allow":["GET"]}}],"collection":[{"href":"https:\/\/aichaintech.net\/en\/wp-json\/wp\/v2\/pages"}],"about":[{"href":"https:\/\/aichaintech.net\/en\/wp-json\/wp\/v2\/types\/page"}],"author":[{"embeddable":true,"href":"https:\/\/aichaintech.net\/en\/wp-json\/wp\/v2\/users\/1"}],"replies":[{"embeddable":true,"href":"https:\/\/aichaintech.net\/en\/wp-json\/wp\/v2\/comments?post=24"}],"version-history":[{"count":2,"href":"https:\/\/aichaintech.net\/en\/wp-json\/wp\/v2\/pages\/24\/revisions"}],"predecessor-version":[{"id":26,"href":"https:\/\/aichaintech.net\/en\/wp-json\/wp\/v2\/pages\/24\/revisions\/26"}],"wp:attachment":[{"href":"https:\/\/aichaintech.net\/en\/wp-json\/wp\/v2\/media?parent=24"}],"curies":[{"name":"wp","href":"https:\/\/api.w.org\/{rel}","templated":true}]}}